{"id":16650,"date":"2020-02-24T22:15:15","date_gmt":"2020-02-24T22:15:15","guid":{"rendered":"https:\/\/demo04.houzez.co\/?page_id=16650"},"modified":"2025-08-28T15:36:49","modified_gmt":"2025-08-28T18:36:49","slug":"about","status":"publish","type":"page","link":"https:\/\/caetanoimoveis.com.br\/?page_id=16650","title":{"rendered":"About"},"content":{"rendered":"\t\t<div data-elementor-type=\"wp-page\" data-elementor-id=\"16650\" class=\"elementor elementor-16650\" data-elementor-post-type=\"page\">\n\t\t\t\t\t\t<section class=\"elementor-section elementor-top-section elementor-element elementor-element-5b81e21 elementor-section-height-min-height animated-slow elementor-section-boxed elementor-section-height-default elementor-section-items-middle elementor-invisible\" data-id=\"5b81e21\" data-element_type=\"section\" data-e-type=\"section\" data-settings=\"{&quot;background_background&quot;:&quot;classic&quot;,&quot;animation&quot;:&quot;fadeIn&quot;}\">\n\t\t\t\t\t\t\t<div class=\"elementor-background-overlay\"><\/div>\n\t\t\t\t\t\t\t<div class=\"elementor-container elementor-column-gap-default\">\n\t\t\t\t\t<div class=\"elementor-column elementor-col-100 elementor-top-column elementor-element elementor-element-ad367f8\" data-id=\"ad367f8\" data-element_type=\"column\" data-e-type=\"column\">\n\t\t\t<div class=\"elementor-widget-wrap elementor-element-populated\">\n\t\t\t\t\t\t<div class=\"elementor-element elementor-element-0e7939f elementor-widget elementor-widget-heading\" data-id=\"0e7939f\" data-element_type=\"widget\" data-e-type=\"widget\" data-widget_type=\"heading.default\">\n\t\t\t\t\t<h1 class=\"elementor-heading-title elementor-size-default\">Quem Somos<\/h1>\t\t\t\t<\/div>\n\t\t\t\t\t<\/div>\n\t\t<\/div>\n\t\t\t\t\t<\/div>\n\t\t<\/section>\n\t\t\t\t<section class=\"elementor-section elementor-top-section elementor-element elementor-element-09038dc elementor-section-boxed elementor-section-height-default elementor-section-height-default\" data-id=\"09038dc\" data-element_type=\"section\" data-e-type=\"section\" data-settings=\"{&quot;background_background&quot;:&quot;classic&quot;}\">\n\t\t\t\t\t\t<div class=\"elementor-container elementor-column-gap-default\">\n\t\t\t\t\t<div class=\"elementor-column elementor-col-100 elementor-top-column elementor-element elementor-element-c8278ac\" data-id=\"c8278ac\" data-element_type=\"column\" data-e-type=\"column\">\n\t\t\t<div class=\"elementor-widget-wrap elementor-element-populated\">\n\t\t\t\t\t\t<div class=\"elementor-element elementor-element-3271868 elementor-widget elementor-widget-spacer\" data-id=\"3271868\" data-element_type=\"widget\" data-e-type=\"widget\" data-widget_type=\"spacer.default\">\n\t\t\t\t\t\t\t<div class=\"elementor-spacer\">\n\t\t\t<div class=\"elementor-spacer-inner\"><\/div>\n\t\t<\/div>\n\t\t\t\t\t\t<\/div>\n\t\t\t\t<div class=\"elementor-element elementor-element-e7372b6 animated-slow elementor-invisible elementor-widget elementor-widget-houzez_elementor_section_title\" data-id=\"e7372b6\" data-element_type=\"widget\" data-e-type=\"widget\" data-settings=\"{&quot;_animation&quot;:&quot;fadeIn&quot;}\" data-widget_type=\"houzez_elementor_section_title.default\">\n\t\t\t\t<div class=\"elementor-widget-container\">\n\t\t\t\t\t            <div class=\"houzez_section_title_wrap section-title-module\">\n                                    <h2 class=\"houzez_section_title\">Caetano Im\u00f3veis<\/h2>\n                \n                            <\/div>\n            \t\t\t\t<\/div>\n\t\t\t\t<\/div>\n\t\t\t\t<div class=\"elementor-element elementor-element-69fe9b8 elementor-widget elementor-widget-text-editor\" data-id=\"69fe9b8\" data-element_type=\"widget\" data-e-type=\"widget\" data-widget_type=\"text-editor.default\">\n\t\t\t\t\t\t\t\t\t<p>Com <strong data-start=\"105\" data-end=\"162\">mais de 30 anos de experi\u00eancia no mercado imobili\u00e1rio<\/strong>, a <strong data-start=\"166\" data-end=\"185\">Caetano Im\u00f3veis<\/strong> se consolidou como refer\u00eancia em confian\u00e7a, credibilidade e excel\u00eancia em atendimento. Nossa trajet\u00f3ria \u00e9 marcada por centenas de sonhos realizados e relacionamentos constru\u00eddos com \u00e9tica, respeito e profissionalismo.<\/p><p>Trabalhamos com foco no cliente, oferecendo um atendimento personalizado e solu\u00e7\u00f5es que atendem \u00e0s necessidades de quem busca comprar, vender ou alugar um im\u00f3vel. Nosso compromisso \u00e9 garantir seguran\u00e7a em cada negocia\u00e7\u00e3o e facilitar o processo para que ele seja transparente e tranquilo.<\/p><p>Mais do que uma imobili\u00e1ria, somos parceiros em um dos momentos mais importantes da vida: a conquista do im\u00f3vel ideal. Conte com a <strong data-start=\"825\" data-end=\"844\">Caetano Im\u00f3veis<\/strong>, h\u00e1 tr\u00eas d\u00e9cadas transformando projetos em realidade.<\/p>\t\t\t\t\t\t\t\t<\/div>\n\t\t\t\t<div class=\"elementor-element elementor-element-89a95a6 elementor-widget elementor-widget-spacer\" data-id=\"89a95a6\" data-element_type=\"widget\" data-e-type=\"widget\" data-widget_type=\"spacer.default\">\n\t\t\t\t\t\t\t<div class=\"elementor-spacer\">\n\t\t\t<div class=\"elementor-spacer-inner\"><\/div>\n\t\t<\/div>\n\t\t\t\t\t\t<\/div>\n\t\t\t\t\t<\/div>\n\t\t<\/div>\n\t\t\t\t\t<\/div>\n\t\t<\/section>\n\t\t<div class=\"elementor-element elementor-element-37c79b2 e-grid e-con-boxed e-con e-parent\" data-id=\"37c79b2\" data-element_type=\"container\" data-e-type=\"container\">\n\t\t\t\t\t<div class=\"e-con-inner\">\n\t\t\t\t<div class=\"elementor-element elementor-element-a271771 elementor-widget elementor-widget-image\" data-id=\"a271771\" data-element_type=\"widget\" data-e-type=\"widget\" data-widget_type=\"image.default\">\n\t\t\t\t\t\t\t\t\t\t\t\t\t\t\t<img fetchpriority=\"high\" decoding=\"async\" width=\"1024\" height=\"768\" src=\"https:\/\/caetanoimoveis.com.br\/wp-content\/uploads\/2025\/08\/quem-somos-scaled.jpg\" class=\"attachment-large size-large wp-image-17491\" alt=\"\" srcset=\"https:\/\/caetanoimoveis.com.br\/wp-content\/uploads\/2025\/08\/quem-somos-scaled.jpg 2560w, https:\/\/caetanoimoveis.com.br\/wp-content\/uploads\/2025\/08\/quem-somos-1536x1152.jpg 1536w, https:\/\/caetanoimoveis.com.br\/wp-content\/uploads\/2025\/08\/quem-somos-2048x1536.jpg 2048w, https:\/\/caetanoimoveis.com.br\/wp-content\/uploads\/2025\/08\/quem-somos-584x438.jpg 584w\" sizes=\"(max-width: 1024px) 100vw, 1024px\" \/>\t\t\t\t\t\t\t\t\t\t\t\t\t\t\t<\/div>\n\t\t\t\t<div class=\"elementor-element elementor-element-4fd9b56 elementor-widget elementor-widget-image\" data-id=\"4fd9b56\" data-element_type=\"widget\" data-e-type=\"widget\" data-widget_type=\"image.default\">\n\t\t\t\t\t\t\t\t\t\t\t\t\t\t\t<img decoding=\"async\" width=\"1024\" height=\"768\" src=\"https:\/\/caetanoimoveis.com.br\/wp-content\/uploads\/2025\/08\/quem-somos1-scaled.jpg\" class=\"attachment-large size-large wp-image-17492\" alt=\"\" srcset=\"https:\/\/caetanoimoveis.com.br\/wp-content\/uploads\/2025\/08\/quem-somos1-scaled.jpg 2560w, https:\/\/caetanoimoveis.com.br\/wp-content\/uploads\/2025\/08\/quem-somos1-1536x1152.jpg 1536w, https:\/\/caetanoimoveis.com.br\/wp-content\/uploads\/2025\/08\/quem-somos1-2048x1536.jpg 2048w, https:\/\/caetanoimoveis.com.br\/wp-content\/uploads\/2025\/08\/quem-somos1-584x438.jpg 584w\" sizes=\"(max-width: 1024px) 100vw, 1024px\" \/>\t\t\t\t\t\t\t\t\t\t\t\t\t\t\t<\/div>\n\t\t\t\t<div class=\"elementor-element elementor-element-d6d7196 elementor-widget elementor-widget-image\" data-id=\"d6d7196\" data-element_type=\"widget\" data-e-type=\"widget\" data-widget_type=\"image.default\">\n\t\t\t\t\t\t\t\t\t\t\t\t\t\t\t<img decoding=\"async\" width=\"1024\" height=\"997\" src=\"https:\/\/caetanoimoveis.com.br\/wp-content\/uploads\/2025\/08\/885f2f3e-d27e-41bc-813e-109be8383569-scaled.jpg\" class=\"attachment-large size-large wp-image-20063\" alt=\"\" srcset=\"https:\/\/caetanoimoveis.com.br\/wp-content\/uploads\/2025\/08\/885f2f3e-d27e-41bc-813e-109be8383569-scaled.jpg 2560w, https:\/\/caetanoimoveis.com.br\/wp-content\/uploads\/2025\/08\/885f2f3e-d27e-41bc-813e-109be8383569-1536x1495.jpg 1536w, https:\/\/caetanoimoveis.com.br\/wp-content\/uploads\/2025\/08\/885f2f3e-d27e-41bc-813e-109be8383569-2048x1994.jpg 2048w\" sizes=\"(max-width: 1024px) 100vw, 1024px\" \/>\t\t\t\t\t\t\t\t\t\t\t\t\t\t\t<\/div>\n\t\t\t\t<div class=\"elementor-element elementor-element-3a2639d elementor-widget elementor-widget-image\" data-id=\"3a2639d\" data-element_type=\"widget\" data-e-type=\"widget\" data-widget_type=\"image.default\">\n\t\t\t\t\t\t\t\t\t\t\t\t\t\t\t<img loading=\"lazy\" decoding=\"async\" width=\"1024\" height=\"982\" src=\"https:\/\/caetanoimoveis.com.br\/wp-content\/uploads\/2025\/08\/2f647fb2-66ed-4d86-aad9-43a7c51de9b3-1-scaled.jpg\" class=\"attachment-large size-large wp-image-20067\" alt=\"\" srcset=\"https:\/\/caetanoimoveis.com.br\/wp-content\/uploads\/2025\/08\/2f647fb2-66ed-4d86-aad9-43a7c51de9b3-1-scaled.jpg 2560w, https:\/\/caetanoimoveis.com.br\/wp-content\/uploads\/2025\/08\/2f647fb2-66ed-4d86-aad9-43a7c51de9b3-1-1536x1473.jpg 1536w, https:\/\/caetanoimoveis.com.br\/wp-content\/uploads\/2025\/08\/2f647fb2-66ed-4d86-aad9-43a7c51de9b3-1-2048x1964.jpg 2048w\" sizes=\"(max-width: 1024px) 100vw, 1024px\" \/>\t\t\t\t\t\t\t\t\t\t\t\t\t\t\t<\/div>\n\t\t\t\t\t<\/div>\n\t\t\t\t<\/div>\n\t\t\t\t<\/div>\n\t\t","protected":false},"excerpt":{"rendered":"<p>Quem Somos Caetano Im\u00f3veis Com mais de 30 anos de experi\u00eancia no mercado imobili\u00e1rio, a Caetano Im\u00f3veis se consolidou como refer\u00eancia em confian\u00e7a, credibilidade e excel\u00eancia em atendimento. Nossa trajet\u00f3ria \u00e9 marcada por centenas de sonhos realizados e relacionamentos constru\u00eddos com \u00e9tica, respeito e profissionalismo. Trabalhamos com foco no cliente, oferecendo um atendimento personalizado e [&hellip;]<\/p>\n","protected":false},"author":1,"featured_media":0,"parent":0,"menu_order":0,"comment_status":"closed","ping_status":"closed","template":"template\/template-homepage.php","meta":{"content-type":"","_monsterinsights_skip_tracking":false,"_monsterinsights_sitenote_active":false,"_monsterinsights_sitenote_note":"","_monsterinsights_sitenote_category":0,"footnotes":"","_links_to":"","_links_to_target":""},"class_list":["post-16650","page","type-page","status-publish","hentry"],"aioseo_notices":[],"_links":{"self":[{"href":"https:\/\/caetanoimoveis.com.br\/index.php?rest_route=\/wp\/v2\/pages\/16650","targetHints":{"allow":["GET"]}}],"collection":[{"href":"https:\/\/caetanoimoveis.com.br\/index.php?rest_route=\/wp\/v2\/pages"}],"about":[{"href":"https:\/\/caetanoimoveis.com.br\/index.php?rest_route=\/wp\/v2\/types\/page"}],"author":[{"embeddable":true,"href":"https:\/\/caetanoimoveis.com.br\/index.php?rest_route=\/wp\/v2\/users\/1"}],"replies":[{"embeddable":true,"href":"https:\/\/caetanoimoveis.com.br\/index.php?rest_route=%2Fwp%2Fv2%2Fcomments&post=16650"}],"version-history":[{"count":7,"href":"https:\/\/caetanoimoveis.com.br\/index.php?rest_route=\/wp\/v2\/pages\/16650\/revisions"}],"predecessor-version":[{"id":20070,"href":"https:\/\/caetanoimoveis.com.br\/index.php?rest_route=\/wp\/v2\/pages\/16650\/revisions\/20070"}],"wp:attachment":[{"href":"https:\/\/caetanoimoveis.com.br\/index.php?rest_route=%2Fwp%2Fv2%2Fmedia&parent=16650"}],"curies":[{"name":"wp","href":"https:\/\/api.w.org\/{rel}","templated":true}]}}