{"id":17463,"date":"2025-08-06T22:02:31","date_gmt":"2025-08-07T01:02:31","guid":{"rendered":"https:\/\/caetanoimoveis.com.br\/?page_id=17463"},"modified":"2025-08-28T09:41:13","modified_gmt":"2025-08-28T12:41:13","slug":"financie","status":"publish","type":"page","link":"https:\/\/caetanoimoveis.com.br\/?page_id=17463","title":{"rendered":"Financie"},"content":{"rendered":"\t\t<div data-elementor-type=\"wp-page\" data-elementor-id=\"17463\" class=\"elementor elementor-17463\" data-elementor-post-type=\"page\">\n\t\t\t\t<div class=\"elementor-element elementor-element-6d2dbf9 e-flex e-con-boxed e-con e-parent\" data-id=\"6d2dbf9\" data-element_type=\"container\" data-e-type=\"container\">\n\t\t\t\t\t<div class=\"e-con-inner\">\n\t\t\t\t<div class=\"elementor-element elementor-element-3b1f185 elementor-widget elementor-widget-text-editor\" data-id=\"3b1f185\" data-element_type=\"widget\" data-e-type=\"widget\" data-widget_type=\"text-editor.default\">\n\t\t\t\t\t\t\t\t\t<p>Realizar o sonho da casa pr\u00f3pria nunca esteve t\u00e3o f\u00e1cil! \ud83c\udfe1 Na <strong data-start=\"63\" data-end=\"82\">Caetano Im\u00f3veis<\/strong>, voc\u00ea encontra condi\u00e7\u00f5es especiais para financiar sua casa com seguran\u00e7a, transpar\u00eancia e a orienta\u00e7\u00e3o de quem entende do assunto. Nossa equipe est\u00e1 pronta para ajudar em cada etapa do processo, desde a escolha do im\u00f3vel at\u00e9 a aprova\u00e7\u00e3o do cr\u00e9dito, garantindo praticidade e tranquilidade para voc\u00ea conquistar o seu lar do jeito que sempre sonhou. \u2728<\/p>\t\t\t\t\t\t\t\t<\/div>\n\t\t\t\t\t<\/div>\n\t\t\t\t<\/div>\n\t\t<div class=\"elementor-element elementor-element-8be8de8 e-flex e-con-boxed e-con e-parent\" data-id=\"8be8de8\" data-element_type=\"container\" data-e-type=\"container\">\n\t\t\t\t\t<div class=\"e-con-inner\">\n\t\t\t\t<div class=\"elementor-element elementor-element-bbfa83c elementor-widget elementor-widget-image\" data-id=\"bbfa83c\" data-element_type=\"widget\" data-e-type=\"widget\" data-widget_type=\"image.default\">\n\t\t\t\t\t\t\t\t\t\t\t\t\t\t\t<img fetchpriority=\"high\" decoding=\"async\" width=\"736\" height=\"500\" src=\"https:\/\/caetanoimoveis.com.br\/wp-content\/uploads\/2025\/08\/Sem-titulo-1-2.jpg\" class=\"attachment-large size-large wp-image-20032\" alt=\"\" \/>\t\t\t\t\t\t\t\t\t\t\t\t\t\t\t<\/div>\n\t\t\t\t\t<\/div>\n\t\t\t\t<\/div>\n\t\t\t\t<\/div>\n\t\t","protected":false},"excerpt":{"rendered":"<p>Realizar o sonho da casa pr\u00f3pria nunca esteve t\u00e3o f\u00e1cil! \ud83c\udfe1 Na Caetano Im\u00f3veis, voc\u00ea encontra condi\u00e7\u00f5es especiais para financiar sua casa com seguran\u00e7a, transpar\u00eancia e a orienta\u00e7\u00e3o de quem entende do assunto. Nossa equipe est\u00e1 pronta para ajudar em cada etapa do processo, desde a escolha do im\u00f3vel at\u00e9 a aprova\u00e7\u00e3o do cr\u00e9dito, garantindo [&hellip;]<\/p>\n","protected":false},"author":1,"featured_media":0,"parent":0,"menu_order":0,"comment_status":"closed","ping_status":"closed","template":"","meta":{"content-type":"","_monsterinsights_skip_tracking":false,"_monsterinsights_sitenote_active":false,"_monsterinsights_sitenote_note":"","_monsterinsights_sitenote_category":0,"footnotes":"","_links_to":"","_links_to_target":""},"class_list":["post-17463","page","type-page","status-publish","hentry"],"aioseo_notices":[],"_links":{"self":[{"href":"https:\/\/caetanoimoveis.com.br\/index.php?rest_route=\/wp\/v2\/pages\/17463","targetHints":{"allow":["GET"]}}],"collection":[{"href":"https:\/\/caetanoimoveis.com.br\/index.php?rest_route=\/wp\/v2\/pages"}],"about":[{"href":"https:\/\/caetanoimoveis.com.br\/index.php?rest_route=\/wp\/v2\/types\/page"}],"author":[{"embeddable":true,"href":"https:\/\/caetanoimoveis.com.br\/index.php?rest_route=\/wp\/v2\/users\/1"}],"replies":[{"embeddable":true,"href":"https:\/\/caetanoimoveis.com.br\/index.php?rest_route=%2Fwp%2Fv2%2Fcomments&post=17463"}],"version-history":[{"count":7,"href":"https:\/\/caetanoimoveis.com.br\/index.php?rest_route=\/wp\/v2\/pages\/17463\/revisions"}],"predecessor-version":[{"id":20035,"href":"https:\/\/caetanoimoveis.com.br\/index.php?rest_route=\/wp\/v2\/pages\/17463\/revisions\/20035"}],"wp:attachment":[{"href":"https:\/\/caetanoimoveis.com.br\/index.php?rest_route=%2Fwp%2Fv2%2Fmedia&parent=17463"}],"curies":[{"name":"wp","href":"https:\/\/api.w.org\/{rel}","templated":true}]}}